{"id":384,"date":"2018-02-14T20:41:49","date_gmt":"2018-02-15T00:41:49","guid":{"rendered":"http:\/\/gadsanvicentedepusir.gob.ec\/carchi\/?page_id=384"},"modified":"2018-02-14T20:44:58","modified_gmt":"2018-02-15T00:44:58","slug":"rendicion-de-cuentas-2015","status":"publish","type":"page","link":"https:\/\/gadsanvicentedepusir.gob.ec\/carchi\/rendicion-de-cuentas-2015\/","title":{"rendered":"Rendici\u00f3n de Cuentas 2015"},"content":{"rendered":"[vc_column][vc_accordion collapsible=\u00bb\u00bb disable_keyboard=\u00bb\u00bb][vc_accordion_tab title=\u00bbRendici\u00f3n de Cuentas 2015&#8243;][vc_wp_text]Click en el \u00edtem a consultar[\/vc_wp_text][\/vc_accordion_tab][vc_accordion_tab title=\u00bbRENDICI\u00d3N DE CUENTAS DEL GAD PARROQUIAL DE SAN VICENTE DE PUSIR 2015&#8243;][vc_wp_text]\n<h3><strong>RENDICI\u00d3N DE CUENTAS DEL GAD PARROQUIAL DE SAN VICENTE DE PUSIR 2015<\/strong><\/h3>\n<p><a href=\"http:\/\/gadsanvicentedepusir.gob.ec\/carchi\/wp-content\/uploads\/2018\/02\/Rendicion_de_cuentas_2015.pdf\">Rendicion_de_cuentas_2015<\/a><\/p>\n[\/vc_wp_text][\/vc_accordion_tab][vc_accordion_tab title=\u00bbINFORME T\u00c9CNICO FINAL DE LA METODOLOG\u00cdA UTILIZADA PARA LA ACTUALIZACI\u00d3N DEL PLAN DE DESARROLLO Y ORDENAMIENTO TERRITORIAL DE LA PARROQUIA SAN VICENTE DE PUSIR\u00bb][vc_wp_text]\n<h3><strong>INFORME T\u00c9CNICO FINAL DE LA METODOLOG\u00cdA UTILIZADA PARA LA ACTUALIZACI\u00d3N DEL PLAN DE DESARROLLO Y ORDENAMIENTO TERRITORIAL DE LA PARROQUIA SAN VICENTE DE PUSIR<\/strong><\/h3>\n<p>La elaboraci\u00f3n del documento, sigue todas las recomendaciones realizadas por la Secretar\u00eda Nacional de Planificaci\u00f3n y Desarrollo- SENPLADES, que expone la actualizaci\u00f3n del Plan de Desarrollo y Ordenamiento Territorial de la Parroquia San Vicente de Pusir, contempla en primera instancia una reorganizaci\u00f3n de la informaci\u00f3n disponible para la Parroquia, para lograr un diagn\u00f3stico de la situaci\u00f3n actual de la misma<\/p>\n<p><a href=\"http:\/\/gadsanvicentedepusir.gob.ec\/carchi\/wp-content\/uploads\/2018\/02\/Informe_tecnico_PDOT_SVP.pdf\">Informe_tecnico_PDOT_SVP<\/a><\/p>\n[\/vc_wp_text][\/vc_accordion_tab][vc_accordion_tab title=\u00bbINFORME T\u00c9CNICO FINAL ACTUALIZACI\u00d3N DEL PLAN DE DESARROLLO Y ORDENAMIENTO TERRITORIAL DE LA PARROQUIA SAN VICENTE DE PUSIR\u00bb][vc_wp_text]\n<h3><strong>INFORME T\u00c9CNICO FINAL ACTUALIZACI\u00d3N DEL PLAN DE DESARROLLO Y ORDENAMIENTO TERRITORIAL DE LA PARROQUIA SAN VICENTE DE PUSIR<\/strong><\/h3>\n<p>Entrega del informe t\u00e9cnico final a las \u00faltimas observaciones requeridas por parte del Gobierno Parroquia y del CONAGOPORE.<\/p>\n<p><a href=\"http:\/\/gadsanvicentedepusir.gob.ec\/carchi\/wp-content\/uploads\/2018\/02\/informe_tecnico_final_SVP.pdf\">informe_tecnico_final_SVP\u00a0<\/a><\/p>\n[\/vc_wp_text][\/vc_accordion_tab][vc_accordion_tab title=\u00bbGOBIERNO AUT\u00d3NOMO DESCENTRALIZADO PARROQUIAL RURAL SAN VICENTE DE P CEDULA PRESUPUESTARIA DE INGRESOS 2016&#8243;][vc_wp_text]\n<h3><strong>GOBIERNO AUT\u00d3NOMO DESCENTRALIZADO PARROQUIAL RURAL SAN VICENTE DE P CEDULA PRESUPUESTARIA DE INGRESOS 2016<\/strong><\/h3>\n<p><a href=\"http:\/\/gadsanvicentedepusir.gob.ec\/carchi\/wp-content\/uploads\/2018\/02\/Presupuesto_2016.pdf\">Presupuesto_2016<\/a><\/p>\n[\/vc_wp_text][\/vc_accordion_tab][vc_accordion_tab title=\u00bbRENDICI\u00d3N DE CUENTAS 2016&#8243;][vc_wp_text]\n<h3><strong>RENDICI\u00d3N DE CUENTAS 2016<\/strong><\/h3>\n<p><a href=\"http:\/\/gadsanvicentedepusir.gob.ec\/carchi\/wp-content\/uploads\/2018\/02\/PREGUNTAS-PRIMERA-ETAPA-RENDICION-DE-CUENTAS-2016.pdf\">PREGUNTAS PRIMERA ETAPA RENDICION DE CUENTAS 2016<\/a><\/p>\n<p><a href=\"http:\/\/gadsanvicentedepusir.gob.ec\/carchi\/wp-content\/uploads\/2018\/02\/Invitaciones-Veedores-ciudadanos.pdf\">Invitaciones Veedores ciudadanos<\/a><\/p>\n<p><a href=\"http:\/\/gadsanvicentedepusir.gob.ec\/carchi\/wp-content\/uploads\/2018\/02\/Invitaciones-Rendicion-de-Cuentas-2016.pdf\">Invitaciones Rendicion de Cuentas 2016<\/a><\/p>\n<p><a href=\"http:\/\/gadsanvicentedepusir.gob.ec\/carchi\/wp-content\/uploads\/2018\/02\/Informe-Rendicion-de-Cuentas.pdf\">Informe Rendicion de Cuentas<\/a><\/p>\n<p><a href=\"http:\/\/gadsanvicentedepusir.gob.ec\/carchi\/wp-content\/uploads\/2018\/02\/CONSULTA-CIUDADNA.pdf\">CONSULTA CIUDADNA<\/a><\/p>\n<p><a href=\"http:\/\/gadsanvicentedepusir.gob.ec\/carchi\/wp-content\/uploads\/2018\/02\/REGISTRO-DE-ASISTENCIA-RENDICION-DE-CUENTAS-2016.pdf\">REGISTRO DE ASISTENCIA RENDICION DE CUENTAS 2016<\/a><\/p>\n[\/vc_wp_text][\/vc_accordion_tab][\/vc_accordion][vc_column_text][\/vc_column_text][\/vc_column]\n","protected":false},"excerpt":{"rendered":"<p>[vc_column][vc_accordion collapsible=\u00bb\u00bb disable_keyboard=\u00bb\u00bb][vc_accordion_tab title=\u00bbRendici\u00f3n de Cuentas 2015&#8243;][vc_wp_text]Click en el \u00edtem a consultar[\/vc_wp_text][\/vc_accordion_tab][vc_accordion_tab title=\u00bbRENDICI\u00d3N DE CUENTAS DEL GAD PARROQUIAL DE SAN VICENTE DE PUSIR 2015&#8243;][vc_wp_text] RENDICI\u00d3N DE CUENTAS DEL GAD PARROQUIAL DE SAN VICENTE DE PUSIR 2015 Rendicion_de_cuentas_2015 [\/vc_wp_text][\/vc_accordion_tab][vc_accordion_tab title=\u00bbINFORME T\u00c9CNICO FINAL DE LA METODOLOG\u00cdA UTILIZADA PARA LA ACTUALIZACI\u00d3N DEL PLAN DE DESARROLLO Y ORDENAMIENTO TERRITORIAL [&hellip;]<\/p>\n","protected":false},"author":7,"featured_media":0,"parent":0,"menu_order":0,"comment_status":"closed","ping_status":"closed","template":"","meta":{"footnotes":""},"yst_prominent_words":[238,254,246,256,260,252,242,270,250,248,262,240,228,264,48,266,44,258,244,268],"class_list":["post-384","page","type-page","status-publish","hentry"],"_links":{"self":[{"href":"https:\/\/gadsanvicentedepusir.gob.ec\/carchi\/wp-json\/wp\/v2\/pages\/384","targetHints":{"allow":["GET"]}}],"collection":[{"href":"https:\/\/gadsanvicentedepusir.gob.ec\/carchi\/wp-json\/wp\/v2\/pages"}],"about":[{"href":"https:\/\/gadsanvicentedepusir.gob.ec\/carchi\/wp-json\/wp\/v2\/types\/page"}],"author":[{"embeddable":true,"href":"https:\/\/gadsanvicentedepusir.gob.ec\/carchi\/wp-json\/wp\/v2\/users\/7"}],"replies":[{"embeddable":true,"href":"https:\/\/gadsanvicentedepusir.gob.ec\/carchi\/wp-json\/wp\/v2\/comments?post=384"}],"version-history":[{"count":4,"href":"https:\/\/gadsanvicentedepusir.gob.ec\/carchi\/wp-json\/wp\/v2\/pages\/384\/revisions"}],"predecessor-version":[{"id":398,"href":"https:\/\/gadsanvicentedepusir.gob.ec\/carchi\/wp-json\/wp\/v2\/pages\/384\/revisions\/398"}],"wp:attachment":[{"href":"https:\/\/gadsanvicentedepusir.gob.ec\/carchi\/wp-json\/wp\/v2\/media?parent=384"}],"wp:term":[{"taxonomy":"yst_prominent_words","embeddable":true,"href":"https:\/\/gadsanvicentedepusir.gob.ec\/carchi\/wp-json\/wp\/v2\/yst_prominent_words?post=384"}],"curies":[{"name":"wp","href":"https:\/\/api.w.org\/{rel}","templated":true}]}}