{"id":21,"date":"2014-10-24T02:10:00","date_gmt":"2014-10-24T02:10:00","guid":{"rendered":"http:\/\/gadsanvicentedepusir.gob.ec\/carchi\/?page_id=21"},"modified":"2020-04-03T22:25:31","modified_gmt":"2020-04-04T02:25:31","slug":"ultimas-noticias","status":"publish","type":"page","link":"https:\/\/gadsanvicentedepusir.gob.ec\/carchi\/ultimas-noticias\/","title":{"rendered":"Ultimas Noticias"},"content":{"rendered":"<p><a href=\"http:\/\/gadsanvicentedepusir.gob.ec\/carchi\/wp-content\/uploads\/2020\/04\/RESOLUCIONES-EMERGENCIA-2020-001.pdf\">RESOLUCIONES EMERGENCIA 2020-001<\/a><\/p>\n<p><strong>RESOLUCI\u00d3N ESTADO DE EMERGENCIA No. 001- GADPRSVP-2020<\/strong><\/p>\n<p><strong>EL\u00a0<\/strong><strong>GOBIERNO AUT\u00d3NOMO DESCENTRALIZADO PARROQUIAL RURAL DE SAN VICENTE DE PUSIR RESUELVE:<\/strong><\/p>\n<p><strong>Art 1. \u00a0ACOGERSE.- <\/strong>al Decreto Presidencial No. 1017, del Presidente Constitucional de la Rep\u00fablica, suscrito el 16 de marzo de 2020, en el que declar\u00f3 estado de excepci\u00f3n por calamidad P\u00fablica en todo el territorio nacional, por los casos de coronavirus confirmados y la declaratoria de pandemia de COVID-19 por parte de la Organizaci\u00f3n Mundial de la Salud. De igual forma el Acuerdo Ministerial No. 00126-2020 donde la Ministra de Salud P\u00fablica declara el Estado de Emergencia Sanitaria en el Ecuador y, a la Declaratoria de Emergencia del COE Nacional, producto del brote del coronavirus (COVID-19).<\/p>\n<p><strong>Art 2. DECLARAR.-<\/strong> en emergencia a la Parroquia Rural San Vicente de Pusir producto del brote del coronavirus (COVID-19), y destinar los bienes que constituyen patrimonio del gobierno parroquial, para atender la emergencia en favor de las familias y personas que se encuentran comprendidas dentro del grupo de atenci\u00f3n prioritaria.<\/p>\n<p><strong>Art 3. DISPONER.-<\/strong> a la se\u00f1or Secretaria &#8211; Tesorera de la Instituci\u00f3n, seguir los procedimientos que demanda\u00b7 la Ley Org\u00e1nica del Sistema Nacional de Contrataci\u00f3n P\u00fablica, su Reglamento y las Resoluciones emitidas por el SERCOP, para la adquisici\u00f3n de bienes y\/o servicios necesarios para prevenir, controlar y\/o atender situaciones y casos de emergencia producto del brote del coronavirus (COVID-19).<\/p>\n<p><strong>Art. 4. DISPONER.-<\/strong> a la se\u00f1or Secretaria &#8211; Tesorera de la Instituci\u00f3n realice los traspasos de cr\u00e9dito necesarios dentro del programa 7 de GRUPOS VULNERABLES de la partida <strong>78.01.02.7 <\/strong>denominada<strong> A entidades Descentralizadas y Aut\u00f3nomas (Transferencias para Inversi\u00f3n) <\/strong>sin sobrepasar el monte de $8,000.00 d\u00f3lares americanos y traspasar a la partida <strong>73.08.21.7<\/strong> denominada <strong>Egresos para Situaciones de Emergencia.<\/strong><\/p>\n<p><strong>Art 5. \u00a0AUTORIZAR.- <\/strong>la contrataci\u00f3n y adquisici\u00f3n directa de bienes y servicios que sean &#8211; necesarios para la elaboraci\u00f3n y ejecuci\u00f3n de un plan de fumigaci\u00f3n dentro de los l\u00edmites territoriales de nuestra parroquia San Vicente de Pusir mientras dure el estado de excepci\u00f3n decretado por el Gobierno Nacional con el fin de mitigar el COVID-19,en particular en zonas de afluencia masiva como parques y otras que se consideren necesarios a favor de las y los ciudadanos de la circunscripci\u00f3n parroquial rural, y en especial de las personas que se encuentran dentro de los grupos de atenci\u00f3n prioritaria.<\/p>\n<p><strong>Art 6. COORDINAR.-<\/strong> acciones de cooperaci\u00f3n con la Polic\u00eda Nacional, Fuerzas Armadas, servicios de auxilio y emergencias, sub centros de salud, centros educativos, entre otras instituciones p\u00fablicas y privadas para atender la emergencia dentro de la parroquia. De ser necesario se suscribir\u00e1n convenios de cooperaci\u00f3n y\/o colaboraci\u00f3n interinstitucional, al amparo del art\u00edculo 226 de la Constituci\u00f3n de la Rep\u00fablica del Ecuador.<\/p>\n<p><strong>Art 7. \u00a0AUTORIZAR.- \u00a0<\/strong>de ser el caso al Sr. Luis Espinoza Presidente del GADPRSVP suscriba convenios de cooperaci\u00f3n y\/o colaboraci\u00f3n interinstitucional, al amparo del art\u00edculo 226 de la Constituci\u00f3n de la Rep\u00fablica del Ecuador, los cuales sean enfocados a atender la emergencia sanitaria y estado de excepci\u00f3n dentro de la parroquia.<\/p>\n<p><strong>Art 8. \u00a0VIGENCIA.- <\/strong>Esta Resoluci\u00f3n tendr\u00e1 un plazo de vigencia hasta que se levante la declaratoria del Estado de Emergencia Sanitaria; sin perjuicio a quedar sin efecto legal en cualquier momento, por decisi\u00f3n del presidente o presidenta.<\/p>\n<p>&nbsp;<\/p>\n<p>Dado y firmado en las instalaciones del GAD Parroquial Rural de San Vicente de Pusir el d\u00eda 03 de abril del 2020.<\/p>\n<p>&nbsp;<\/p>\n","protected":false},"excerpt":{"rendered":"<p>RESOLUCIONES EMERGENCIA 2020-001 RESOLUCI\u00d3N ESTADO DE EMERGENCIA No. 001- GADPRSVP-2020 EL\u00a0GOBIERNO AUT\u00d3NOMO DESCENTRALIZADO PARROQUIAL RURAL DE SAN VICENTE DE PUSIR RESUELVE: Art 1. \u00a0ACOGERSE.- al Decreto Presidencial No. 1017, del Presidente Constitucional de la Rep\u00fablica, suscrito el 16 de marzo de 2020, en el que declar\u00f3 estado de excepci\u00f3n por calamidad P\u00fablica en todo el [&hellip;]<\/p>\n","protected":false},"author":6,"featured_media":0,"parent":0,"menu_order":0,"comment_status":"closed","ping_status":"open","template":"","meta":{"footnotes":""},"yst_prominent_words":[177,167,183,181,161,175,173,157,163,165,169,155,179,153,171,44,46,159],"class_list":["post-21","page","type-page","status-publish","hentry"],"_links":{"self":[{"href":"https:\/\/gadsanvicentedepusir.gob.ec\/carchi\/wp-json\/wp\/v2\/pages\/21","targetHints":{"allow":["GET"]}}],"collection":[{"href":"https:\/\/gadsanvicentedepusir.gob.ec\/carchi\/wp-json\/wp\/v2\/pages"}],"about":[{"href":"https:\/\/gadsanvicentedepusir.gob.ec\/carchi\/wp-json\/wp\/v2\/types\/page"}],"author":[{"embeddable":true,"href":"https:\/\/gadsanvicentedepusir.gob.ec\/carchi\/wp-json\/wp\/v2\/users\/6"}],"replies":[{"embeddable":true,"href":"https:\/\/gadsanvicentedepusir.gob.ec\/carchi\/wp-json\/wp\/v2\/comments?post=21"}],"version-history":[{"count":3,"href":"https:\/\/gadsanvicentedepusir.gob.ec\/carchi\/wp-json\/wp\/v2\/pages\/21\/revisions"}],"predecessor-version":[{"id":831,"href":"https:\/\/gadsanvicentedepusir.gob.ec\/carchi\/wp-json\/wp\/v2\/pages\/21\/revisions\/831"}],"wp:attachment":[{"href":"https:\/\/gadsanvicentedepusir.gob.ec\/carchi\/wp-json\/wp\/v2\/media?parent=21"}],"wp:term":[{"taxonomy":"yst_prominent_words","embeddable":true,"href":"https:\/\/gadsanvicentedepusir.gob.ec\/carchi\/wp-json\/wp\/v2\/yst_prominent_words?post=21"}],"curies":[{"name":"wp","href":"https:\/\/api.w.org\/{rel}","templated":true}]}}